{"id":1162,"date":"2024-06-05T14:38:56","date_gmt":"2024-06-05T17:38:56","guid":{"rendered":"https:\/\/aquariodaserra.com.br\/nautos\/?page_id=1162"},"modified":"2025-05-26T10:32:11","modified_gmt":"2025-05-26T13:32:11","slug":"sobre","status":"publish","type":"page","link":"https:\/\/nautos.com.br\/pt\/sobre\/","title":{"rendered":"Sobre"},"content":{"rendered":"<div data-elementor-type=\"wp-page\" data-elementor-id=\"1162\" class=\"elementor elementor-1162\" data-elementor-settings=\"{&quot;ha_cmc_init_switcher&quot;:&quot;no&quot;}\" data-elementor-post-type=\"page\">\n\t\t\t\t<div class=\"elementor-element elementor-element-a84584f e-flex e-con-boxed e-con e-parent\" data-id=\"a84584f\" data-element_type=\"container\" data-e-type=\"container\" data-settings=\"{&quot;background_background&quot;:&quot;video&quot;,&quot;background_video_link&quot;:&quot;https:\\\/\\\/nautos.com.br\\\/wp-content\\\/uploads\\\/2024\\\/06\\\/AdobeStock_141064422.mov&quot;,&quot;background_play_on_mobile&quot;:&quot;yes&quot;,&quot;_ha_eqh_enable&quot;:false}\">\n\t\t\t\t\t<div class=\"e-con-inner\">\n\t\t<div class=\"elementor-background-video-container\">\n\t\t\t\t\t\t\t<video class=\"elementor-background-video-hosted\" role=\"presentation\" autoplay muted playsinline loop><\/video>\n\t\t\t\t\t<\/div><div class=\"elementor-element elementor-element-7073baa e-flex e-con-boxed e-con e-child\" data-id=\"7073baa\" data-element_type=\"container\" data-e-type=\"container\" data-settings=\"{&quot;_ha_eqh_enable&quot;:false}\">\n\t\t\t\t\t<div class=\"e-con-inner\">\n\t\t<div class=\"elementor-element elementor-element-98f528b e-con-full e-flex e-con e-child\" data-id=\"98f528b\" data-element_type=\"container\" data-e-type=\"container\" data-settings=\"{&quot;_ha_eqh_enable&quot;:false}\">\n\t\t\t\t<div class=\"elementor-element elementor-element-23ff257 elementor-widget elementor-widget-image\" data-id=\"23ff257\" data-element_type=\"widget\" data-e-type=\"widget\" data-widget_type=\"image.default\">\n\t\t\t\t<div class=\"elementor-widget-container\">\n\t\t\t\t\t\t\t\t\t\t\t\t\t\t\t<img decoding=\"async\" src=\"https:\/\/nautos.com.br\/wp-content\/uploads\/elementor\/thumbs\/Pangea-deck-products-qtvbl82n3ei8gf2fknjf5w1taebzmeqfz895qvkp08.jpg\" title=\"DUAL IMAGEM\" alt=\"DUAL IMAGEM\" loading=\"lazy\" \/>\t\t\t\t\t\t\t\t\t\t\t\t\t\t\t<\/div>\n\t\t\t\t<\/div>\n\t\t\t\t<\/div>\n\t\t<div class=\"elementor-element elementor-element-b6023e5 e-con-full e-flex elementor-invisible e-con e-child\" data-id=\"b6023e5\" data-element_type=\"container\" data-e-type=\"container\" data-settings=\"{&quot;background_background&quot;:&quot;classic&quot;,&quot;animation&quot;:&quot;slideInLeft&quot;,&quot;_ha_eqh_enable&quot;:false}\">\n\t\t\t\t<div class=\"elementor-element elementor-element-f1b27bc elementor-widget elementor-widget-heading\" data-id=\"f1b27bc\" data-element_type=\"widget\" data-e-type=\"widget\" data-widget_type=\"heading.default\">\n\t\t\t\t<div class=\"elementor-widget-container\">\n\t\t\t\t\t<h2 class=\"elementor-heading-title elementor-size-default\">QUEM SOMOS<\/h2>\t\t\t\t<\/div>\n\t\t\t\t<\/div>\n\t\t<div class=\"elementor-element elementor-element-ba7564c e-con-full e-flex e-con e-child\" data-id=\"ba7564c\" data-element_type=\"container\" data-e-type=\"container\" data-settings=\"{&quot;_ha_eqh_enable&quot;:false}\">\n\t\t<div class=\"elementor-element elementor-element-71f97e7 e-con-full e-flex e-con e-child\" data-id=\"71f97e7\" data-element_type=\"container\" data-e-type=\"container\" data-settings=\"{&quot;_ha_eqh_enable&quot;:false}\">\n\t\t\t\t<div class=\"elementor-element elementor-element-25c7353 elementor-widget elementor-widget-text-editor\" data-id=\"25c7353\" data-element_type=\"widget\" data-e-type=\"widget\" data-widget_type=\"text-editor.default\">\n\t\t\t\t<div class=\"elementor-widget-container\">\n\t\t\t\t\t\t\t\t\t<p>\u00c9 com enorme orgulho e satisfa\u00e7\u00e3o que vejo a Nautos, em v\u00e9speras de completar 50 anos, como uma empresa com esp\u00edrito jovem e o mesmo dinamismo dos seus primeiros anos.<\/p><p>As oportunidades nos transformaram ao longo dos anos no que somos hoje, uma empresa s\u00f3lida de produtos n\u00e1uticos, com presen\u00e7a nos principais mercados, atendendo importantes clientes nas Am\u00e9ricas, Europa e \u00c1sia.<\/p><p>Desde 2022 nos estruturamos do ponto de vista t\u00e9cnico e produtivo para atender o exigente mercado automobil\u00edstico brasileiro e at\u00e9 2027 estaremos presentes neste segmento no mercado internacional.<\/p><p>Aos clientes e velejadores que ainda n\u00e3o nos conhecem, e aos que nos conhecem h\u00e1 muito tempo, quero sublinhar que o esp\u00edrito que nos move desde 1976 \u00e9 o esp\u00edrito do velejador. Esp\u00edrito aventureiro, por\u00e9m, cauteloso, com muita aten\u00e7\u00e3o aos detalhes.<\/p><p>Para os clientes atuais e potenciais do mercado automobil\u00edstico, o nosso compromisso \u00e9, tal como no mercado n\u00e1utico, com a qualidade, a aten\u00e7\u00e3o aos detalhes e um profundo respeito pelos nossos clientes e pelas suas expectativas.<\/p><p>Somos uma empresa brasileira, com alma italiana e atitudes globais. Estamos comprometidos com a evolu\u00e7\u00e3o tecnol\u00f3gica, com as melhores pr\u00e1ticas sociais e com processos conduzidos com rigor no atendimento \u00e0s quest\u00f5es ambientais. \u00c9 assim que desenvolvemos e produzimos nossos produtos. \u00c9 assim que definimos nossa dire\u00e7\u00e3o.<\/p><p>Se voc\u00ea chegou at\u00e9 aqui, obrigado pela aten\u00e7\u00e3o! Espero que nos encontremos em breve.<\/p><p>Amilcar Rossi e Equipe Nautos<\/p>\t\t\t\t\t\t\t\t<\/div>\n\t\t\t\t<\/div>\n\t\t\t\t<\/div>\n\t\t<div class=\"elementor-element elementor-element-868974e e-con-full e-flex e-con e-child\" data-id=\"868974e\" data-element_type=\"container\" data-e-type=\"container\" data-settings=\"{&quot;_ha_eqh_enable&quot;:false}\">\n\t\t\t\t<div class=\"elementor-element elementor-element-4915a16 elementor-widget elementor-widget-shortcode\" data-id=\"4915a16\" data-element_type=\"widget\" data-e-type=\"widget\" data-widget_type=\"shortcode.default\">\n\t\t\t\t<div class=\"elementor-widget-container\">\n\t\t\t\t\t\t\t<div class=\"elementor-shortcode\">\n<div class=\"wp-block-presto-player-reusable-edit\"><!--presto-player:video_id=2--><figure class=\"wp-block-video presto-block-video  presto-provider-self-hosted\" style=\"--plyr-color-main: var(--presto-player-highlight-color, #00b3ff); --presto-player-logo-width: 150px; \">\n\t<presto-player \n\t\tpreset='{&quot;id&quot;:3,&quot;name&quot;:&quot;Simple&quot;,&quot;slug&quot;:&quot;simple&quot;,&quot;icon&quot;:&quot;video-alt3&quot;,&quot;skin&quot;:&quot;modern&quot;,&quot;play-large&quot;:true,&quot;rewind&quot;:false,&quot;play&quot;:true,&quot;fast-forward&quot;:false,&quot;progress&quot;:true,&quot;current-time&quot;:false,&quot;mute&quot;:false,&quot;volume&quot;:false,&quot;speed&quot;:false,&quot;pip&quot;:false,&quot;fullscreen&quot;:true,&quot;captions&quot;:false,&quot;reset_on_end&quot;:true,&quot;auto_hide&quot;:true,&quot;show_time_elapsed&quot;:false,&quot;captions_enabled&quot;:false,&quot;save_player_position&quot;:false,&quot;sticky_scroll&quot;:false,&quot;sticky_scroll_position&quot;:&quot;bottom right&quot;,&quot;on_video_end&quot;:&quot;select&quot;,&quot;play_video_viewport&quot;:false,&quot;hide_youtube&quot;:true,&quot;lazy_load_youtube&quot;:false,&quot;hide_logo&quot;:false,&quot;border_radius&quot;:0,&quot;caption_style&quot;:&quot;&quot;,&quot;caption_background&quot;:&quot;&quot;,&quot;is_locked&quot;:true,&quot;cta&quot;:[&quot;&quot;],&quot;watermark&quot;:[&quot;&quot;],&quot;search&quot;:[&quot;&quot;],&quot;email_collection&quot;:[&quot;&quot;],&quot;action_bar&quot;:[&quot;&quot;],&quot;created_by&quot;:1,&quot;created_at&quot;:&quot;2025-05-26 00:46:16&quot;,&quot;updated_at&quot;:&quot;2025-05-26 00:46:16&quot;,&quot;deleted_at&quot;:&quot;&quot;}'\n\t\tbranding='{&quot;logo&quot;:&quot;&quot;,&quot;color&quot;:&quot;#00b3ff&quot;,&quot;logo_width&quot;:150,&quot;player_css&quot;:&quot;&quot;}'\n\t\tchapters='[]'\n\t\toverlays='[]'\n\t\ttracks='[]'\n\t\tblock-attributes='{&quot;playsInline&quot;:true,&quot;mutedPreview&quot;:{&quot;enabled&quot;:true,&quot;captions&quot;:false},&quot;id&quot;:2,&quot;attachment_id&quot;:5023,&quot;src&quot;:&quot;https:\\\/\\\/nautos.com.br\\\/wp-content\\\/uploads\\\/2025\\\/05\\\/Nautos-Sobre-Menor.mp4&quot;,&quot;preset&quot;:3,&quot;visibility&quot;:&quot;public&quot;,&quot;color&quot;:&quot;#00b3ff&quot;,&quot;mutedOverlay&quot;:{&quot;enabled&quot;:false,&quot;src&quot;:&quot;&quot;,&quot;width&quot;:200,&quot;focalPoint&quot;:{&quot;x&quot;:0.5,&quot;y&quot;:0.5}},&quot;mutedOverlayType&quot;:&quot;text&quot;,&quot;mutedOverlayText&quot;:&quot;Click to play&quot;,&quot;mutedOverlayImageWidth&quot;:200,&quot;chapters&quot;:[],&quot;overlays&quot;:[],&quot;tracks&quot;:[],&quot;TrpContentRestriction&quot;:{&quot;restriction_type&quot;:&quot;exclude&quot;,&quot;selected_languages&quot;:[],&quot;panel_open&quot;:true},&quot;title&quot;:&quot;Nautos Sobre Menor&quot;}'\n\t\tanalytics='1'\n\t\tautomations\t\tprovider='self-hosted'\n\t\t\t\tid=\"presto-player-1\"\n\t\tsrc=\"https:\/\/nautos.com.br\/wp-content\/uploads\/2025\/05\/Nautos-Sobre-Menor.mp4\"\n\t\tmedia-title=\"Nautos Sobre Menor\"\n\t\tcss=\"\"\n\t\tclass=\"presto-video-id-2 presto-preset-id-3 skin-modern\"\n\t\tskin=\"modern\" \n\t\ticon-url=\"https:\/\/nautos.com.br\/wp-content\/plugins\/presto-player\/img\/sprite.svg\" \n\t\tpreload=\"\" \n\t\tposter=\"\"\n\t\tyoutube=\"{&quot;noCookie&quot;:false,&quot;channelId&quot;:&quot;&quot;,&quot;show_count&quot;:false}\"\n\t\tprovider-video-id=\"\"\n\t\tvideo-id=\"2\"\n\t\t\t\tplaysinline>\n\t\t            <video controls preload=\"none\">\n            <source src=\"https:\/\/nautos.com.br\/wp-content\/uploads\/2025\/05\/Nautos-Sobre-Menor.mp4\" \/>\n        <\/video>\n    \n\n\t<\/presto-player>\n<\/figure><\/div>\n<\/div>\n\t\t\t\t\t\t<\/div>\n\t\t\t\t<\/div>\n\t\t\t\t<\/div>\n\t\t\t\t<\/div>\n\t\t\t\t<\/div>\n\t\t\t\t\t<\/div>\n\t\t\t\t<\/div>\n\t\t\t\t\t<\/div>\n\t\t\t\t<\/div>\n\t\t\t\t<\/div>","protected":false},"excerpt":{"rendered":"<p>CHI SIAMO \u00c8 con enorme orgoglio e soddisfazione che vedo Nautos, alla vigilia del compimento dei 50 anni, come un&#8217;azienda con uno spirito giovane e lo stesso dinamismo dei suoi primi anni. Le opportunit\u00e0 ci hanno trasformato nel corso degli anni in quello che siamo oggi, una solida azienda di prodotti per la nautica, con [&hellip;]<\/p>","protected":false},"author":1,"featured_media":0,"parent":0,"menu_order":0,"comment_status":"closed","ping_status":"closed","template":"","meta":{"footnotes":""},"class_list":["post-1162","page","type-page","status-publish","hentry"],"_links":{"self":[{"href":"https:\/\/nautos.com.br\/pt\/wp-json\/wp\/v2\/pages\/1162","targetHints":{"allow":["GET"]}}],"collection":[{"href":"https:\/\/nautos.com.br\/pt\/wp-json\/wp\/v2\/pages"}],"about":[{"href":"https:\/\/nautos.com.br\/pt\/wp-json\/wp\/v2\/types\/page"}],"author":[{"embeddable":true,"href":"https:\/\/nautos.com.br\/pt\/wp-json\/wp\/v2\/users\/1"}],"replies":[{"embeddable":true,"href":"https:\/\/nautos.com.br\/pt\/wp-json\/wp\/v2\/comments?post=1162"}],"version-history":[{"count":374,"href":"https:\/\/nautos.com.br\/pt\/wp-json\/wp\/v2\/pages\/1162\/revisions"}],"predecessor-version":[{"id":5270,"href":"https:\/\/nautos.com.br\/pt\/wp-json\/wp\/v2\/pages\/1162\/revisions\/5270"}],"wp:attachment":[{"href":"https:\/\/nautos.com.br\/pt\/wp-json\/wp\/v2\/media?parent=1162"}],"curies":[{"name":"wp","href":"https:\/\/api.w.org\/{rel}","templated":true}]}}